{"id":1326,"date":"2023-05-01T09:55:49","date_gmt":"2023-05-01T07:55:49","guid":{"rendered":"https:\/\/ildei.com\/recherche-matieres\/"},"modified":"2023-10-22T19:17:04","modified_gmt":"2023-10-22T17:17:04","slug":"sourcing","status":"publish","type":"page","link":"https:\/\/ildei.com\/en\/expertises\/sourcing\/","title":{"rendered":"Sourcing"},"content":{"rendered":"<section class=\"wpb-content-wrapper\"><p>[vc_row full_width=&#8221;stretch_row&#8221; css=&#8221;.vc_custom_1679388980428{padding-bottom: 10px !important;background-color: #e3d4cd !important;}&#8221;][vc_column css=&#8221;.vc_custom_1679389001823{padding-bottom: 5px !important;background-image: url(https:\/\/ildei.com\/wp-content\/uploads\/2023\/03\/ildei-6.jpg?id=125) !important;background-position: center !important;background-repeat: no-repeat !important;background-size: contain !important;}&#8221;][vc_row_inner css=&#8221;.vc_custom_1679378967522{background-position: center !important;background-repeat: no-repeat !important;background-size: cover !important;}&#8221;][vc_column_inner width=&#8221;1\/6&#8243;][\/vc_column_inner][vc_column_inner width=&#8221;2\/3&#8243; css=&#8221;.vc_custom_1679378938349{background-position: center !important;background-repeat: no-repeat !important;background-size: contain !important;}&#8221;][vc_column_text css=&#8221;.vc_custom_1695190134734{margin-top: 60px !important;margin-bottom: 0px !important;}&#8221;]<\/p>\n<h1 style=\"text-align: center;\">SOURCING<\/h1>\n<p>[\/vc_column_text][\/vc_column_inner][vc_column_inner width=&#8221;1\/6&#8243;][\/vc_column_inner][\/vc_row_inner][\/vc_column][\/vc_row][vc_row full_width=&#8221;stretch_row&#8221; css=&#8221;.vc_custom_1679388133101{margin-top: 0px !important;background-color: #e3d4cd !important;}&#8221;][vc_column offset=&#8221;vc_col-lg-offset-2 vc_col-lg-8&#8243; css=&#8221;.vc_custom_1679388885257{margin-top: 0px !important;border-top-width: 0px !important;padding-top: 0px !important;}&#8221;][vc_row_inner][vc_column_inner][vc_single_image image=&#8221;448&#8243; img_size=&#8221;full&#8221;][\/vc_column_inner][\/vc_row_inner][vc_row_inner content_placement=&#8221;middle&#8221;][vc_column_inner width=&#8221;1\/2&#8243;][vc_column_text css=&#8221;.vc_custom_1697992373383{margin-top: 0px !important;padding-top: 20px !important;padding-bottom: 60px !important;background-position: center !important;background-repeat: no-repeat !important;background-size: contain !important;}&#8221; el_class=&#8221;h2spe&#8221;]<\/p>\n<h2>Seeking for<br \/>\n<strong>the ideal rock<\/strong><\/h2>\n<p>[\/vc_column_text][\/vc_column_inner][vc_column_inner width=&#8221;1\/2&#8243;][vc_column_text css=&#8221;.vc_custom_1697992433542{margin-top: 0px !important;padding-top: 20px !important;padding-bottom: 60px !important;background-position: center !important;background-repeat: no-repeat !important;background-size: contain !important;}&#8221; el_class=&#8221;smallp after-video&#8221;]<\/p>\n<p style=\"text-align: justify;\"><span style=\"color: #333333;\">Thanks to its knowledge of quarries and its network of suppliers around the world, ILDEI knows how to select the most beautiful rocks on behalf of its clients.<\/span><\/p>\n<p style=\"text-align: justify;\"><span style=\"color: #333333;\">Our teams have acquired real expertise in the field over the years. Our knowledge of different stones, marbles and finishes allows us to support our customers and satisfy their requirements.<\/span><\/p>\n<p>[\/vc_column_text][\/vc_column_inner][\/vc_row_inner][vc_row_inner css=&#8221;.vc_custom_1695307456179{margin-top: 0px !important;margin-bottom: 0px !important;border-top-width: 0px !important;border-bottom-width: 0px !important;padding-top: 0px !important;padding-bottom: 70px !important;}&#8221;][vc_column_inner css=&#8221;.vc_custom_1679389393490{margin-top: 0px !important;margin-bottom: 0px !important;border-top-width: 0px !important;border-bottom-width: 0px !important;padding-top: 0px !important;padding-bottom: 0px !important;}&#8221;][vc_single_image image=&#8221;946&#8243; img_size=&#8221;full&#8221; css=&#8221;.vc_custom_1697786860303{margin-top: 0px !important;margin-bottom: 0px !important;border-top-width: 0px !important;border-bottom-width: 0px !important;padding-top: 0px !important;padding-bottom: 0px !important;}&#8221;][\/vc_column_inner][\/vc_row_inner][vc_row_inner disable_element=&#8221;yes&#8221; css=&#8221;.vc_custom_1695307444034{background-color: rgba(255,255,255,0.01) !important;*background-color: rgb(255,255,255) !important;}&#8221;][vc_column_inner width=&#8221;1\/2&#8243;][vc_column_text css=&#8221;.vc_custom_1691503054437{padding-top: 20px !important;padding-bottom: 60px !important;background-position: center !important;background-repeat: no-repeat !important;background-size: contain !important;}&#8221; el_class=&#8221;smallp pup&#8221;]<span style=\"color: #333333;\">La maison Ild\u00e9i a acquis une v\u00e9ritable expertise de la mati\u00e8re au fil des ann\u00e9es. Sa connaissance des diff\u00e9rentes vari\u00e9t\u00e9s de roches et des textures en fait une v\u00e9ritable r\u00e9f\u00e9rence pour les plus beaux projets \u00e0 travers le monde. Son savoir-faire pour rep\u00e9rer les plus belles roches est devenu incontestable.<br \/>\nLa maison Ild\u00e9i s\u2019est donn\u00e9e pour mission d\u2019accompagner ses clients et leurs architectes d\u00e9corateurs au plus pr\u00e8s de leurs projets en leur pr\u00e9sentant une gamme d\u2019\u00e9chantillons adapt\u00e9s \u00e0 leurs objectifs.<\/span>[\/vc_column_text][\/vc_column_inner][vc_column_inner width=&#8221;1\/2&#8243;][\/vc_column_inner][\/vc_row_inner][\/vc_column][\/vc_row][vc_row full_width=&#8221;stretch_row&#8221; css=&#8221;.vc_custom_1679389800814{padding-bottom: 60px !important;background-color: #000000 !important;}&#8221;][vc_column offset=&#8221;vc_col-lg-offset-2 vc_col-lg-8&#8243;][vc_column_text el_class=&#8221;h2spe&#8221;]<\/p>\n<h3 style=\"text-align: center;\"><span style=\"color: #ffffff;\">Discover<\/span><br \/>\n<span style=\"color: #ffffff;\"><strong>our other expertises<\/strong><\/span><\/h3>\n<p>[\/vc_column_text][vc_row_inner][vc_column_inner width=&#8221;1\/3&#8243;][vc_column_text css_animation=&#8221;fadeInUp&#8221; el_class=&#8221;textwhite expertisebloc&#8221; css=&#8221;.vc_custom_1697994953654{margin-top: 80px !important;padding-bottom: 30px !important;background-color: #000000 !important;}&#8221;]<a href=\"https:\/\/ildei.com\/en\/expertises\/manufacturing-installation\"><img loading=\"lazy\" decoding=\"async\" class=\"alignnone size-full wp-image-56 aligncenter\" src=\"https:\/\/ildei.com\/wp-content\/uploads\/2023\/03\/ildei-9.jpg\" alt=\"\" width=\"311\" height=\"196\" \/><\/a><\/p>\n<p style=\"text-align: center;\"><strong>MANUFACTURING AND INSTALLATION<\/strong><\/p>\n<p style=\"text-align: center;\">A profession serving high standards<\/p>\n<p><a href=\"https:\/\/ildei.com\/en\/expertises\/manufacturing-installation\"><img loading=\"lazy\" decoding=\"async\" class=\"alignnone size-full wp-image-57 aligncenter\" src=\"https:\/\/ildei.com\/wp-content\/uploads\/2023\/03\/arrow.png\" alt=\"\" width=\"64\" height=\"68\" \/><\/a><br \/>\n[\/vc_column_text][\/vc_column_inner][vc_column_inner width=&#8221;1\/3&#8243;][vc_column_text css_animation=&#8221;fadeInUp&#8221; el_class=&#8221;textwhite expertisebloc&#8221; css=&#8221;.vc_custom_1697994963389{margin-top: 80px !important;padding-bottom: 30px !important;background-color: #000000 !important;}&#8221;]<a href=\"https:\/\/ildei.com\/en\/expertises\/technical-studies\/\"><img loading=\"lazy\" decoding=\"async\" class=\"alignnone size-full wp-image-56 aligncenter\" src=\"https:\/\/ildei.com\/wp-content\/uploads\/2023\/03\/ildei-.jpg\" alt=\"\" width=\"311\" height=\"196\" \/><\/a><\/p>\n<p style=\"text-align: center;\"><strong>TECHNICAL STUDIES<\/strong><\/p>\n<p style=\"text-align: center;\">Support and design<\/p>\n<p><a href=\"https:\/\/ildei.com\/en\/expertises\/technical-studies\/\"><img loading=\"lazy\" decoding=\"async\" class=\"alignnone size-full wp-image-57 aligncenter\" src=\"https:\/\/ildei.com\/wp-content\/uploads\/2023\/03\/arrow.png\" alt=\"\" width=\"64\" height=\"68\" \/><\/a><br \/>\n[\/vc_column_text][\/vc_column_inner][vc_column_inner width=&#8221;1\/3&#8243;][vc_column_text css_animation=&#8221;fadeInUp&#8221; el_class=&#8221;textwhite expertisebloc&#8221; css=&#8221;.vc_custom_1697995015024{margin-top: 80px !important;padding-bottom: 30px !important;background-color: #000000 !important;}&#8221;]<a href=\"https:\/\/ildei.com\/en\/expertises\/maintenance\/\"><img loading=\"lazy\" decoding=\"async\" class=\"alignnone size-full wp-image-56 aligncenter\" src=\"https:\/\/ildei.com\/wp-content\/uploads\/2023\/05\/ildei-9.jpg\" alt=\"\" width=\"311\" height=\"196\" \/><\/a><\/p>\n<p style=\"text-align: center;\"><strong>MAINTENANCE<\/strong><\/p>\n<p style=\"text-align: center;\">Perpetuate the beauty of the mineral<\/p>\n<p><a href=\"https:\/\/ildei.com\/en\/expertises\/maintenance\/\"><img loading=\"lazy\" decoding=\"async\" class=\"alignnone size-full wp-image-57 aligncenter\" src=\"https:\/\/ildei.com\/wp-content\/uploads\/2023\/03\/arrow.png\" alt=\"\" width=\"64\" height=\"68\" \/><\/a>[\/vc_column_text][\/vc_column_inner][\/vc_row_inner][\/vc_column][\/vc_row]<\/p>\n<\/section>","protected":false},"excerpt":{"rendered":"<p>[vc_row full_width=&#8221;stretch_row&#8221; css=&#8221;.vc_custom_1679388980428{padding-bottom: 10px !important;background-color: #e3d4cd !important;}&#8221;][vc_column css=&#8221;.vc_custom_1679389001823{padding-bottom: 5px !important;background-image: url(https:\/\/ildei.com\/wp-content\/uploads\/2023\/03\/ildei-6.jpg?id=125) !important;background-position: center !important;background-repeat: no-repeat !important;background-size: contain !important;}&#8221;][vc_row_inner css=&#8221;.vc_custom_1679378967522{background-position: center !important;background-repeat: no-repeat !important;background-size: cover !important;}&#8221;][vc_column_inner width=&#8221;1\/6&#8243;][\/vc_column_inner][vc_column_inner width=&#8221;2\/3&#8243; css=&#8221;.vc_custom_1679378938349{background-position: center !important;background-repeat: no-repeat !important;background-size: contain !important;}&#8221;][vc_column_text css=&#8221;.vc_custom_1695190134734{margin-top: 60px !important;margin-bottom: 0px !important;}&#8221;] SOURCING [\/vc_column_text][\/vc_column_inner][vc_column_inner width=&#8221;1\/6&#8243;][\/vc_column_inner][\/vc_row_inner][\/vc_column][\/vc_row][vc_row full_width=&#8221;stretch_row&#8221; css=&#8221;.vc_custom_1679388133101{margin-top: 0px !important;background-color: #e3d4cd !important;}&#8221;][vc_column offset=&#8221;vc_col-lg-offset-2 vc_col-lg-8&#8243; css=&#8221;.vc_custom_1679388885257{margin-top: 0px !important;border-top-width: 0px !important;padding-top: [&hellip;]<\/p>\n","protected":false},"author":2,"featured_media":0,"parent":1333,"menu_order":0,"comment_status":"closed","ping_status":"closed","template":"","meta":{"footnotes":""},"class_list":["post-1326","page","type-page","status-publish","hentry"],"_links":{"self":[{"href":"https:\/\/ildei.com\/en\/wp-json\/wp\/v2\/pages\/1326","targetHints":{"allow":["GET"]}}],"collection":[{"href":"https:\/\/ildei.com\/en\/wp-json\/wp\/v2\/pages"}],"about":[{"href":"https:\/\/ildei.com\/en\/wp-json\/wp\/v2\/types\/page"}],"author":[{"embeddable":true,"href":"https:\/\/ildei.com\/en\/wp-json\/wp\/v2\/users\/2"}],"replies":[{"embeddable":true,"href":"https:\/\/ildei.com\/en\/wp-json\/wp\/v2\/comments?post=1326"}],"version-history":[{"count":4,"href":"https:\/\/ildei.com\/en\/wp-json\/wp\/v2\/pages\/1326\/revisions"}],"predecessor-version":[{"id":1342,"href":"https:\/\/ildei.com\/en\/wp-json\/wp\/v2\/pages\/1326\/revisions\/1342"}],"up":[{"embeddable":true,"href":"https:\/\/ildei.com\/en\/wp-json\/wp\/v2\/pages\/1333"}],"wp:attachment":[{"href":"https:\/\/ildei.com\/en\/wp-json\/wp\/v2\/media?parent=1326"}],"curies":[{"name":"wp","href":"https:\/\/api.w.org\/{rel}","templated":true}]}}