{"id":1327,"date":"2023-04-30T10:56:50","date_gmt":"2023-04-30T08:56:50","guid":{"rendered":"https:\/\/ildei.com\/etude-technique\/"},"modified":"2023-11-14T15:26:50","modified_gmt":"2023-11-14T14:26:50","slug":"technical-studies","status":"publish","type":"page","link":"https:\/\/ildei.com\/en\/expertises\/technical-studies\/","title":{"rendered":"Technical studies"},"content":{"rendered":"<section class=\"wpb-content-wrapper\"><p>[vc_row full_width=&#8221;stretch_row&#8221; css=&#8221;.vc_custom_1679388980428{padding-bottom: 10px !important;background-color: #e3d4cd !important;}&#8221;][vc_column css=&#8221;.vc_custom_1679389001823{padding-bottom: 5px !important;background-image: url(https:\/\/ildei.com\/wp-content\/uploads\/2023\/03\/ildei-6.jpg?id=125) !important;background-position: center !important;background-repeat: no-repeat !important;background-size: contain !important;}&#8221;][vc_row_inner css=&#8221;.vc_custom_1679378967522{background-position: center !important;background-repeat: no-repeat !important;background-size: cover !important;}&#8221;][vc_column_inner width=&#8221;1\/6&#8243;][\/vc_column_inner][vc_column_inner width=&#8221;2\/3&#8243; css=&#8221;.vc_custom_1679378938349{background-position: center !important;background-repeat: no-repeat !important;background-size: contain !important;}&#8221;][vc_column_text css=&#8221;.vc_custom_1697995201285{margin-top: 60px !important;margin-bottom: 0px !important;}&#8221;]<\/p>\n<h1 style=\"text-align: center;\">Technical<br \/>\n<strong>studies<\/strong><\/h1>\n<p>[\/vc_column_text][\/vc_column_inner][vc_column_inner width=&#8221;1\/6&#8243;][\/vc_column_inner][\/vc_row_inner][\/vc_column][\/vc_row][vc_row full_width=&#8221;stretch_row&#8221; css=&#8221;.vc_custom_1699972005365{margin-top: 0px !important;padding-bottom: 50px !important;background-color: #e3d4cd !important;}&#8221;][vc_column offset=&#8221;vc_col-lg-offset-2 vc_col-lg-8&#8243; css=&#8221;.vc_custom_1679388885257{margin-top: 0px !important;border-top-width: 0px !important;padding-top: 0px !important;}&#8221;][vc_row_inner][vc_column_inner][vc_single_image image=&#8221;446&#8243; img_size=&#8221;full&#8221;][\/vc_column_inner][\/vc_row_inner][vc_row_inner][vc_column_inner][vc_column_text css=&#8221;.vc_custom_1697995328879{margin-top: 0px !important;padding-top: 0px !important;padding-bottom: 30px !important;background-position: center !important;background-repeat: no-repeat !important;background-size: contain !important;}&#8221; el_class=&#8221;h2spe&#8221;]<\/p>\n<h2>SUPPORT AND DESIGN<\/h2>\n<p>[\/vc_column_text][\/vc_column_inner][\/vc_row_inner][vc_row_inner disable_element=&#8221;yes&#8221;][vc_column_inner width=&#8221;1\/2&#8243;][vc_column_text css=&#8221;.vc_custom_1682845002700{margin-top: 0px !important;padding-top: 20px !important;padding-bottom: 60px !important;background-position: center !important;background-repeat: no-repeat !important;background-size: contain !important;}&#8221; el_class=&#8221;h2spe&#8221;]<\/p>\n<h2>Imaginer<br \/>\net concevoir<br \/>\n<strong>les meilleures<\/strong><br \/>\n<strong>solutions techniques<\/strong><\/h2>\n<p>[\/vc_column_text][\/vc_column_inner][vc_column_inner width=&#8221;1\/2&#8243;][vc_column_text css=&#8221;.vc_custom_1680038833193{margin-top: 0px !important;padding-top: 20px !important;padding-bottom: 60px !important;background-position: center !important;background-repeat: no-repeat !important;background-size: contain !important;}&#8221; el_class=&#8221;smallp after-video&#8221;]<span style=\"color: #333333;\">Une fois l\u2019\u00e9tude technique termin\u00e9e et le choix du client \u00e9tabli, l\u2019une des \u00e9tapes du projet est celle de la pose du min\u00e9ral. Son exp\u00e9rience et son savoir-faire permettent \u00e0 la maison ILDEI de s\u2019adapter, dans les r\u00e8gles de l\u2019art, \u00e0 tous les types de projets : rev\u00eatements de sol, habillage des murs, des plafonds, des escaliers ou des fa\u00e7ades voire parfois la r\u00e9alisation de mobilier sur mesure.<\/span>[\/vc_column_text][\/vc_column_inner][\/vc_row_inner][vc_row_inner css=&#8221;.vc_custom_1679389506729{margin-top: 0px !important;margin-bottom: 0px !important;border-top-width: 0px !important;border-bottom-width: 0px !important;padding-top: 0px !important;padding-bottom: 0px !important;}&#8221;][vc_column_inner css=&#8221;.vc_custom_1679389393490{margin-top: 0px !important;margin-bottom: 0px !important;border-top-width: 0px !important;border-bottom-width: 0px !important;padding-top: 0px !important;padding-bottom: 0px !important;}&#8221;][vc_single_image image=&#8221;473&#8243; img_size=&#8221;full&#8221; css=&#8221;.vc_custom_1682953676838{margin-top: 0px !important;margin-bottom: 0px !important;border-top-width: 0px !important;border-bottom-width: 0px !important;padding-top: 0px !important;padding-bottom: 0px !important;}&#8221;][\/vc_column_inner][\/vc_row_inner][vc_row_inner content_placement=&#8221;bottom&#8221; css=&#8221;.vc_custom_1682926907403{background-color: rgba(255,255,255,0.01) !important;*background-color: rgb(255,255,255) !important;}&#8221;][vc_column_inner width=&#8221;1\/2&#8243;][vc_column_text css=&#8221;.vc_custom_1697995424830{padding-top: 20px !important;padding-bottom: 60px !important;background-position: center !important;background-repeat: no-repeat !important;background-size: contain !important;}&#8221; el_class=&#8221;smallp pup after-video&#8221;]<\/p>\n<p style=\"text-align: justify;\"><span style=\"color: #333333;\">Our project managers and our technical design office work in collaboration with architects and decorators. They offer technical solutions adapted to each work in compliance with the rules of the art. Finally, following on-site surveys, they establish layout plans and flow slips sent to our partner workshops.<\/span><\/p>\n<p style=\"text-align: justify;\"><span style=\"color: #333333;\">The creation of prototypes and visual renderings supports our clients in their decision-making.<br \/>\n<\/span><\/p>\n<p>[\/vc_column_text][\/vc_column_inner][vc_column_inner width=&#8221;1\/2&#8243;][vc_column_text css=&#8221;.vc_custom_1697995442683{padding-top: 20px !important;padding-bottom: 60px !important;background-position: center !important;background-repeat: no-repeat !important;background-size: contain !important;}&#8221; el_class=&#8221;smallp pup after-video&#8221;]<\/p>\n<p style=\"text-align: justify;\"><span style=\"color: #333333;\">Supporting its customers is its reason for being. Providing operational advice to its clients and their decorator architects in order to create a perfect final result is one of its main objectives. <\/span><\/p>\n<p>[\/vc_column_text][\/vc_column_inner][\/vc_row_inner][vc_row_inner css=&#8221;.vc_custom_1699971995715{margin-top: 0px !important;margin-bottom: 0px !important;border-top-width: 0px !important;border-bottom-width: 0px !important;padding-top: 0px !important;}&#8221;][vc_column_inner css=&#8221;.vc_custom_1679389393490{margin-top: 0px !important;margin-bottom: 0px !important;border-top-width: 0px !important;border-bottom-width: 0px !important;padding-top: 0px !important;padding-bottom: 0px !important;}&#8221;][vc_column_text css=&#8221;.vc_custom_1699959220607{padding-top: 70px !important;}&#8221;]<\/p>\n<h3 style=\"text-align: center;\">RENDERING<\/h3>\n<p>[\/vc_column_text][\/vc_column_inner][\/vc_row_inner]<div id=\"jig1\" class=\"justified-image-grid jig-a823319203e33a3aed605d8b19fe415e jig-preset-11 jig-source-wp-gallery\"><div class=\"jig-clearfix\"><\/div><noscript id=\"jig1-html\" class=\"justified-image-grid-html\" data-lazy-src=\"skiplazyload\" data-src=\"skipunveillazyload\"><ul><li><a href=\"https:\/\/ildei.com\/wp-content\/uploads\/2023\/11\/rendering-01.jpg\"><img loading=\"lazy\" decoding=\"async\" src=\"https:\/\/ildei.com\/wp-content\/plugins\/justified-image-grid\/timthumb.php?src=https%3A%2F%2Fildei.com%2Fwp-content%2Fuploads%2F2023%2F11%2Frendering-01.jpg&amp;h=383&amp;q=90&amp;f=.jpg\" alt=\"\" width=\"452\" height=\"383\" \/><\/a><\/li><li><a href=\"https:\/\/ildei.com\/wp-content\/uploads\/2023\/11\/rendering-02.jpg\"><img loading=\"lazy\" decoding=\"async\" src=\"https:\/\/ildei.com\/wp-content\/plugins\/justified-image-grid\/timthumb.php?src=https%3A%2F%2Fildei.com%2Fwp-content%2Fuploads%2F2023%2F11%2Frendering-02.jpg&amp;h=383&amp;q=90&amp;f=.jpg\" alt=\"\" width=\"327\" height=\"383\" \/><\/a><\/li><li><a href=\"https:\/\/ildei.com\/wp-content\/uploads\/2023\/11\/rendering-03.jpg\"><img loading=\"lazy\" decoding=\"async\" src=\"https:\/\/ildei.com\/wp-content\/plugins\/justified-image-grid\/timthumb.php?src=https%3A%2F%2Fildei.com%2Fwp-content%2Fuploads%2F2023%2F11%2Frendering-03.jpg&amp;h=383&amp;q=90&amp;f=.jpg\" alt=\"\" width=\"627\" height=\"383\" \/><\/a><\/li><li><a href=\"https:\/\/ildei.com\/wp-content\/uploads\/2023\/11\/rendering-04.jpg\"><img loading=\"lazy\" decoding=\"async\" src=\"https:\/\/ildei.com\/wp-content\/plugins\/justified-image-grid\/timthumb.php?src=https%3A%2F%2Fildei.com%2Fwp-content%2Fuploads%2F2023%2F11%2Frendering-04.jpg&amp;h=383&amp;q=90&amp;f=.jpg\" alt=\"\" width=\"874\" height=\"383\" \/><\/a><\/li><li><a href=\"https:\/\/ildei.com\/wp-content\/uploads\/2023\/11\/rendering-05.jpg\"><img loading=\"lazy\" decoding=\"async\" src=\"https:\/\/ildei.com\/wp-content\/plugins\/justified-image-grid\/timthumb.php?src=https%3A%2F%2Fildei.com%2Fwp-content%2Fuploads%2F2023%2F11%2Frendering-05.jpg&amp;h=383&amp;q=90&amp;f=.jpg\" alt=\"\" width=\"866\" height=\"383\" \/><\/a><\/li><\/ul><\/noscript><\/div>[\/vc_column][\/vc_row][vc_row full_width=&#8221;stretch_row&#8221; css=&#8221;.vc_custom_1679389800814{padding-bottom: 60px !important;background-color: #000000 !important;}&#8221;][vc_column offset=&#8221;vc_col-lg-offset-2 vc_col-lg-8&#8243;][vc_column_text el_class=&#8221;h2spe&#8221;]<\/p>\n<h3 style=\"text-align: center;\"><span style=\"color: #ffffff;\">Discover<\/span><br \/>\n<span style=\"color: #ffffff;\"><strong>our other expertises<\/strong><\/span><\/h3>\n<p>[\/vc_column_text][vc_row_inner][vc_column_inner width=&#8221;1\/3&#8243;][vc_column_text css_animation=&#8221;fadeInUp&#8221; el_class=&#8221;textwhite expertisebloc&#8221; css=&#8221;.vc_custom_1697995468620{margin-top: 80px !important;padding-bottom: 30px !important;background-color: #000000 !important;}&#8221;]<\/p>\n<p><a href=\"https:\/\/ildei.com\/en\/expertises\/sourcing\/\"><img loading=\"lazy\" decoding=\"async\" class=\"alignnone size-full wp-image-56 aligncenter\" src=\"https:\/\/ildei.com\/wp-content\/uploads\/2023\/03\/exp1.png\" alt=\"\" width=\"311\" height=\"196\" srcset=\"https:\/\/ildei.com\/wp-content\/uploads\/2023\/03\/exp1.png 311w, https:\/\/ildei.com\/wp-content\/uploads\/2023\/03\/exp1-300x189.png 300w\" sizes=\"auto, (max-width: 311px) 100vw, 311px\" \/><\/a><\/p>\n<p style=\"text-align: center;\"><strong>SOURCING<\/strong><\/p>\n<p style=\"text-align: center;\">Seeking for the ideal rock<\/p>\n<p><a href=\"https:\/\/ildei.com\/en\/expertises\/sourcing\/\"><img loading=\"lazy\" decoding=\"async\" class=\"alignnone size-full wp-image-57 aligncenter\" src=\"https:\/\/ildei.com\/wp-content\/uploads\/2023\/03\/arrow.png\" alt=\"\" width=\"64\" height=\"68\" \/><\/a><\/p>\n<p>[\/vc_column_text][\/vc_column_inner][vc_column_inner width=&#8221;1\/3&#8243;][vc_column_text css_animation=&#8221;fadeInUp&#8221; el_class=&#8221;textwhite expertisebloc&#8221; css=&#8221;.vc_custom_1697995479282{margin-top: 80px !important;padding-bottom: 30px !important;background-color: #000000 !important;}&#8221;]<a href=\"https:\/\/ildei.com\/en\/expertises\/manufacturing-installation\"><img loading=\"lazy\" decoding=\"async\" class=\"alignnone size-full wp-image-56 aligncenter\" src=\"https:\/\/ildei.com\/wp-content\/uploads\/2023\/03\/ildei-9.jpg\" alt=\"\" width=\"311\" height=\"196\" \/><\/a><\/p>\n<p style=\"text-align: center;\"><strong>MANUFACTURING AND INSTALLATION<\/strong><\/p>\n<p style=\"text-align: center;\">A profession serving high standards<\/p>\n<p><a href=\"https:\/\/ildei.com\/en\/expertises\/manufacturing-installation\"><img loading=\"lazy\" decoding=\"async\" class=\"alignnone size-full wp-image-57 aligncenter\" src=\"https:\/\/ildei.com\/wp-content\/uploads\/2023\/03\/arrow.png\" alt=\"\" width=\"64\" height=\"68\" \/><\/a><br \/>\n[\/vc_column_text][\/vc_column_inner][vc_column_inner width=&#8221;1\/3&#8243;][vc_column_text css_animation=&#8221;fadeInUp&#8221; el_class=&#8221;textwhite expertisebloc&#8221; css=&#8221;.vc_custom_1697995501406{margin-top: 80px !important;padding-bottom: 30px !important;background-color: #000000 !important;}&#8221;]<a href=\"https:\/\/ildei.com\/en\/expertises\/maintenance\/\"><img loading=\"lazy\" decoding=\"async\" class=\"alignnone size-full wp-image-56 aligncenter\" src=\"https:\/\/ildei.com\/wp-content\/uploads\/2023\/05\/ildei-9.jpg\" alt=\"\" width=\"311\" height=\"196\" \/><\/a><\/p>\n<p style=\"text-align: center;\"><strong>MAINTENANCE<\/strong><\/p>\n<p style=\"text-align: center;\">Perpetuate the beauty of the mineral<\/p>\n<p><a href=\"https:\/\/ildei.com\/en\/expertises\/maintenance\/\"><img loading=\"lazy\" decoding=\"async\" class=\"alignnone size-full wp-image-57 aligncenter\" src=\"https:\/\/ildei.com\/wp-content\/uploads\/2023\/03\/arrow.png\" alt=\"\" width=\"64\" height=\"68\" \/><\/a>[\/vc_column_text][\/vc_column_inner][\/vc_row_inner][\/vc_column][\/vc_row][vc_row full_width=&#8221;stretch_row&#8221; css=&#8221;.vc_custom_1679388133101{margin-top: 0px !important;background-color: #e3d4cd !important;}&#8221;][vc_column offset=&#8221;vc_col-lg-offset-2 vc_col-lg-8&#8243; css=&#8221;.vc_custom_1679388885257{margin-top: 0px !important;border-top-width: 0px !important;padding-top: 0px !important;}&#8221;][\/vc_column][\/vc_row]<\/p>\n<\/section>","protected":false},"excerpt":{"rendered":"<p>[vc_row full_width=&#8221;stretch_row&#8221; css=&#8221;.vc_custom_1679388980428{padding-bottom: 10px !important;background-color: #e3d4cd !important;}&#8221;][vc_column css=&#8221;.vc_custom_1679389001823{padding-bottom: 5px !important;background-image: url(https:\/\/ildei.com\/wp-content\/uploads\/2023\/03\/ildei-6.jpg?id=125) !important;background-position: center !important;background-repeat: no-repeat !important;background-size: contain !important;}&#8221;][vc_row_inner css=&#8221;.vc_custom_1679378967522{background-position: center !important;background-repeat: no-repeat !important;background-size: cover !important;}&#8221;][vc_column_inner width=&#8221;1\/6&#8243;][\/vc_column_inner][vc_column_inner width=&#8221;2\/3&#8243; css=&#8221;.vc_custom_1679378938349{background-position: center !important;background-repeat: no-repeat !important;background-size: contain !important;}&#8221;][vc_column_text css=&#8221;.vc_custom_1697995201285{margin-top: 60px !important;margin-bottom: 0px !important;}&#8221;] Technical studies [\/vc_column_text][\/vc_column_inner][vc_column_inner width=&#8221;1\/6&#8243;][\/vc_column_inner][\/vc_row_inner][\/vc_column][\/vc_row][vc_row full_width=&#8221;stretch_row&#8221; css=&#8221;.vc_custom_1699972005365{margin-top: 0px !important;padding-bottom: 50px !important;background-color: #e3d4cd !important;}&#8221;][vc_column offset=&#8221;vc_col-lg-offset-2 vc_col-lg-8&#8243; css=&#8221;.vc_custom_1679388885257{margin-top: 0px [&hellip;]<\/p>\n","protected":false},"author":2,"featured_media":0,"parent":1333,"menu_order":0,"comment_status":"closed","ping_status":"closed","template":"","meta":{"footnotes":""},"class_list":["post-1327","page","type-page","status-publish","hentry"],"_links":{"self":[{"href":"https:\/\/ildei.com\/en\/wp-json\/wp\/v2\/pages\/1327","targetHints":{"allow":["GET"]}}],"collection":[{"href":"https:\/\/ildei.com\/en\/wp-json\/wp\/v2\/pages"}],"about":[{"href":"https:\/\/ildei.com\/en\/wp-json\/wp\/v2\/types\/page"}],"author":[{"embeddable":true,"href":"https:\/\/ildei.com\/en\/wp-json\/wp\/v2\/users\/2"}],"replies":[{"embeddable":true,"href":"https:\/\/ildei.com\/en\/wp-json\/wp\/v2\/comments?post=1327"}],"version-history":[{"count":7,"href":"https:\/\/ildei.com\/en\/wp-json\/wp\/v2\/pages\/1327\/revisions"}],"predecessor-version":[{"id":1432,"href":"https:\/\/ildei.com\/en\/wp-json\/wp\/v2\/pages\/1327\/revisions\/1432"}],"up":[{"embeddable":true,"href":"https:\/\/ildei.com\/en\/wp-json\/wp\/v2\/pages\/1333"}],"wp:attachment":[{"href":"https:\/\/ildei.com\/en\/wp-json\/wp\/v2\/media?parent=1327"}],"curies":[{"name":"wp","href":"https:\/\/api.w.org\/{rel}","templated":true}]}}