{"id":1328,"date":"2023-03-21T09:31:00","date_gmt":"2023-03-21T08:31:00","guid":{"rendered":"https:\/\/ildei.com\/pose\/"},"modified":"2024-03-30T09:49:15","modified_gmt":"2024-03-30T08:49:15","slug":"manufacturing-installation","status":"publish","type":"page","link":"https:\/\/ildei.com\/en\/expertises\/manufacturing-installation\/","title":{"rendered":"Manufacturing and installation"},"content":{"rendered":"<section class=\"wpb-content-wrapper\"><p>[vc_row full_width=&#8221;stretch_row&#8221; css=&#8221;.vc_custom_1679388980428{padding-bottom: 10px !important;background-color: #e3d4cd !important;}&#8221;][vc_column css=&#8221;.vc_custom_1679389001823{padding-bottom: 5px !important;background-image: url(https:\/\/ildei.com\/wp-content\/uploads\/2023\/03\/ildei-6.jpg?id=125) !important;background-position: center !important;background-repeat: no-repeat !important;background-size: contain !important;}&#8221;][vc_row_inner css=&#8221;.vc_custom_1679378967522{background-position: center !important;background-repeat: no-repeat !important;background-size: cover !important;}&#8221;][vc_column_inner width=&#8221;1\/6&#8243;][\/vc_column_inner][vc_column_inner width=&#8221;2\/3&#8243; css=&#8221;.vc_custom_1679378938349{background-position: center !important;background-repeat: no-repeat !important;background-size: contain !important;}&#8221;][vc_column_text css=&#8221;.vc_custom_1697995644648{margin-top: 60px !important;margin-bottom: 0px !important;}&#8221;]<\/p>\n<h1 style=\"text-align: center;\">MANUFACTURING<br \/>\n<strong>AND INSTALLATION<\/strong><\/h1>\n<p>[\/vc_column_text][\/vc_column_inner][vc_column_inner width=&#8221;1\/6&#8243;][\/vc_column_inner][\/vc_row_inner][\/vc_column][\/vc_row][vc_row full_width=&#8221;stretch_row&#8221; css=&#8221;.vc_custom_1679388133101{margin-top: 0px !important;background-color: #e3d4cd !important;}&#8221;][vc_column offset=&#8221;vc_col-lg-offset-2 vc_col-lg-8&#8243; css=&#8221;.vc_custom_1679388885257{margin-top: 0px !important;border-top-width: 0px !important;padding-top: 0px !important;}&#8221;][vc_row_inner][vc_column_inner][vc_single_image image=&#8221;531&#8243; img_size=&#8221;full&#8221;][\/vc_column_inner][\/vc_row_inner][vc_row_inner][vc_column_inner width=&#8221;1\/2&#8243;][vc_column_text css=&#8221;.vc_custom_1697995695460{margin-top: 0px !important;padding-top: 20px !important;padding-bottom: 60px !important;background-position: center !important;background-repeat: no-repeat !important;background-size: contain !important;}&#8221; el_class=&#8221;h2spe&#8221;]<\/p>\n<h2>Installing<br \/>\nrock and mineral<br \/>\n<strong>with<\/strong><br \/>\n<strong>perfection<\/strong><\/h2>\n<p>[\/vc_column_text][\/vc_column_inner][vc_column_inner width=&#8221;1\/2&#8243;][vc_column_text css=&#8221;.vc_custom_1697995764547{margin-top: 0px !important;padding-top: 20px !important;padding-bottom: 60px !important;background-position: center !important;background-repeat: no-repeat !important;background-size: contain !important;}&#8221; el_class=&#8221;smallp after-video&#8221;]<\/p>\n<p style=\"text-align: justify;\"><span style=\"color: #333333;\">Once the technical study is completed, production is carried out in our partner workshops equipped with the most advanced tools (3D robot, slice scanner, WaterJet, etc.). Before loading, a blank installation is carried out so that our project managers can control and validate the quality.<\/span><\/p>\n<p style=\"text-align: justify;\"><span style=\"color: #333333;\">Finally, our marble workers carry out the installation in strict compliance with the usual rules regarding the execution of the works and their compliance. Our experience and know-how allow us to adapt to all types of projects.<\/span><\/p>\n<p>[\/vc_column_text][\/vc_column_inner][\/vc_row_inner][vc_row_inner css=&#8221;.vc_custom_1695308689063{margin-top: 0px !important;margin-bottom: 0px !important;border-top-width: 0px !important;border-bottom-width: 0px !important;padding-top: 0px !important;padding-bottom: 70px !important;}&#8221;][vc_column_inner css=&#8221;.vc_custom_1679389393490{margin-top: 0px !important;margin-bottom: 0px !important;border-top-width: 0px !important;border-bottom-width: 0px !important;padding-top: 0px !important;padding-bottom: 0px !important;}&#8221;][vc_single_image image=&#8221;1494&#8243; img_size=&#8221;full&#8221; css=&#8221;.vc_custom_1711788536413{margin-top: 0px !important;margin-bottom: 0px !important;border-top-width: 0px !important;border-bottom-width: 0px !important;padding-top: 0px !important;padding-bottom: 0px !important;}&#8221;][vc_column_text css=&#8221;.vc_custom_1699986794199{padding-top: 70px !important;}&#8221;]<\/p>\n<h3 style=\"text-align: center;\">DRY LAY<br \/>\nIN OUR FACTORY<\/h3>\n<p>[\/vc_column_text]<div id=\"jig1\" class=\"justified-image-grid jig-7c171c7e2a7291509b29bfaa47eeb257 jig-preset-11 jig-source-wp-gallery\"><div class=\"jig-clearfix\"><\/div><noscript id=\"jig1-html\" class=\"justified-image-grid-html\" data-lazy-src=\"skiplazyload\" data-src=\"skipunveillazyload\"><ul><li><a href=\"https:\/\/ildei.com\/wp-content\/uploads\/2023\/10\/pose-sec-01.jpg\"><img loading=\"lazy\" decoding=\"async\" src=\"https:\/\/ildei.com\/wp-content\/plugins\/justified-image-grid\/timthumb.php?src=https%3A%2F%2Fildei.com%2Fwp-content%2Fuploads%2F2023%2F10%2Fpose-sec-01.jpg&amp;h=383&amp;q=90&amp;f=.jpg\" alt=\"\" width=\"510\" height=\"383\" \/><\/a><\/li><li><a href=\"https:\/\/ildei.com\/wp-content\/uploads\/2023\/10\/pose-sec-02.jpg\"><img loading=\"lazy\" decoding=\"async\" src=\"https:\/\/ildei.com\/wp-content\/plugins\/justified-image-grid\/timthumb.php?src=https%3A%2F%2Fildei.com%2Fwp-content%2Fuploads%2F2023%2F10%2Fpose-sec-02.jpg&amp;h=383&amp;q=90&amp;f=.jpg\" alt=\"\" width=\"287\" height=\"383\" \/><\/a><\/li><li><a href=\"https:\/\/ildei.com\/wp-content\/uploads\/2023\/10\/pose-sec-03.jpg\"><img loading=\"lazy\" decoding=\"async\" src=\"https:\/\/ildei.com\/wp-content\/plugins\/justified-image-grid\/timthumb.php?src=https%3A%2F%2Fildei.com%2Fwp-content%2Fuploads%2F2023%2F10%2Fpose-sec-03.jpg&amp;h=383&amp;q=90&amp;f=.jpg\" alt=\"\" width=\"287\" height=\"383\" \/><\/a><\/li><li><a href=\"https:\/\/ildei.com\/wp-content\/uploads\/2023\/10\/pose-sec-04.jpg\"><img loading=\"lazy\" decoding=\"async\" src=\"https:\/\/ildei.com\/wp-content\/plugins\/justified-image-grid\/timthumb.php?src=https%3A%2F%2Fildei.com%2Fwp-content%2Fuploads%2F2023%2F10%2Fpose-sec-04.jpg&amp;h=383&amp;q=90&amp;f=.jpg\" alt=\"\" width=\"769\" height=\"383\" \/><\/a><\/li><\/ul><\/noscript><\/div>[\/vc_column_inner][\/vc_row_inner][vc_row_inner disable_element=&#8221;yes&#8221; css=&#8221;.vc_custom_1695308682816{background-color: rgba(255,255,255,0.01) !important;*background-color: rgb(255,255,255) !important;}&#8221;][vc_column_inner width=&#8221;1\/2&#8243;][vc_column_text css=&#8221;.vc_custom_1695191644436{padding-top: 20px !important;padding-bottom: 60px !important;background-position: center !important;background-repeat: no-repeat !important;background-size: contain !important;}&#8221; el_class=&#8221;smallp pup&#8221;]<span style=\"color: #333333;\">Enfin nos marbriers r\u00e9alisent l\u2019installation dans le respect strict des r\u00e8gles d\u2019usage en mati\u00e8re d\u2019ex\u00e9cution des ouvrages et de leur conformit\u00e9. Notre exp\u00e9rience et notre savoir-faire nous permettent de nous adapter \u00e0 tous types de projets.<\/span>[\/vc_column_text][\/vc_column_inner][vc_column_inner width=&#8221;1\/2&#8243;][\/vc_column_inner][\/vc_row_inner][vc_row_inner disable_element=&#8221;yes&#8221; css=&#8221;.vc_custom_1695308682816{background-color: rgba(255,255,255,0.01) !important;*background-color: rgb(255,255,255) !important;}&#8221;][vc_column_inner width=&#8221;1\/2&#8243;][vc_column_text css=&#8221;.vc_custom_1695191644436{padding-top: 20px !important;padding-bottom: 60px !important;background-position: center !important;background-repeat: no-repeat !important;background-size: contain !important;}&#8221; el_class=&#8221;smallp pup&#8221;]<span style=\"color: #333333;\">Enfin nos marbriers r\u00e9alisent l\u2019installation dans le respect strict des r\u00e8gles d\u2019usage en mati\u00e8re d\u2019ex\u00e9cution des ouvrages et de leur conformit\u00e9. Notre exp\u00e9rience et notre savoir-faire nous permettent de nous adapter \u00e0 tous types de projets.<\/span>[\/vc_column_text][\/vc_column_inner][vc_column_inner width=&#8221;1\/2&#8243;][\/vc_column_inner][\/vc_row_inner][\/vc_column][\/vc_row][vc_row full_width=&#8221;stretch_row&#8221; css=&#8221;.vc_custom_1679389800814{padding-bottom: 60px !important;background-color: #000000 !important;}&#8221;][vc_column offset=&#8221;vc_col-lg-offset-2 vc_col-lg-8&#8243;][vc_column_text el_class=&#8221;h2spe&#8221;]<\/p>\n<h3 style=\"text-align: center;\"><span style=\"color: #ffffff;\">Discover<\/span><br \/>\n<span style=\"color: #ffffff;\"><strong>our other expertises<\/strong><\/span><\/h3>\n<p>[\/vc_column_text][vc_row_inner][vc_column_inner width=&#8221;1\/3&#8243;][vc_column_text css_animation=&#8221;fadeInUp&#8221; el_class=&#8221;textwhite expertisebloc&#8221; css=&#8221;.vc_custom_1697995862049{margin-top: 80px !important;padding-bottom: 30px !important;background-color: #000000 !important;}&#8221;]<\/p>\n<p><a href=\"https:\/\/ildei.com\/en\/expertises\/sourcing\/\"><img loading=\"lazy\" decoding=\"async\" class=\"alignnone size-full wp-image-56 aligncenter\" src=\"https:\/\/ildei.com\/wp-content\/uploads\/2023\/03\/exp1.png\" alt=\"\" width=\"311\" height=\"196\" srcset=\"https:\/\/ildei.com\/wp-content\/uploads\/2023\/03\/exp1.png 311w, https:\/\/ildei.com\/wp-content\/uploads\/2023\/03\/exp1-300x189.png 300w\" sizes=\"auto, (max-width: 311px) 100vw, 311px\" \/><\/a><\/p>\n<p style=\"text-align: center;\"><strong>SOURCING<\/strong><\/p>\n<p style=\"text-align: center;\">Seeking for the ideal rock<\/p>\n<p><a href=\"https:\/\/ildei.com\/en\/expertises\/sourcing\/\"><img loading=\"lazy\" decoding=\"async\" class=\"alignnone size-full wp-image-57 aligncenter\" src=\"https:\/\/ildei.com\/wp-content\/uploads\/2023\/03\/arrow.png\" alt=\"\" width=\"64\" height=\"68\" \/><\/a><\/p>\n<p>[\/vc_column_text][\/vc_column_inner][vc_column_inner width=&#8221;1\/3&#8243;][vc_column_text css_animation=&#8221;fadeInUp&#8221; el_class=&#8221;textwhite expertisebloc&#8221; css=&#8221;.vc_custom_1697995870991{margin-top: 80px !important;padding-bottom: 30px !important;background-color: #000000 !important;}&#8221;]<a href=\"https:\/\/ildei.com\/en\/expertises\/technical-studies\/\"><img loading=\"lazy\" decoding=\"async\" class=\"alignnone size-full wp-image-56 aligncenter\" src=\"https:\/\/ildei.com\/wp-content\/uploads\/2023\/03\/ildei-.jpg\" alt=\"\" width=\"311\" height=\"196\" \/><\/a><\/p>\n<p style=\"text-align: center;\"><strong>TECHNICAL STUDIES<\/strong><\/p>\n<p style=\"text-align: center;\">Support and design<\/p>\n<p><a href=\"https:\/\/ildei.com\/en\/expertises\/technical-studies\/\"><img loading=\"lazy\" decoding=\"async\" class=\"alignnone size-full wp-image-57 aligncenter\" src=\"https:\/\/ildei.com\/wp-content\/uploads\/2023\/03\/arrow.png\" alt=\"\" width=\"64\" height=\"68\" \/><\/a><br \/>\n[\/vc_column_text][\/vc_column_inner][vc_column_inner width=&#8221;1\/3&#8243;][vc_column_text css_animation=&#8221;fadeInUp&#8221; el_class=&#8221;textwhite expertisebloc&#8221; css=&#8221;.vc_custom_1697995882850{margin-top: 80px !important;padding-bottom: 30px !important;background-color: #000000 !important;}&#8221;]<a href=\"https:\/\/ildei.com\/en\/expertises\/maintenance\/\"><img loading=\"lazy\" decoding=\"async\" class=\"alignnone size-full wp-image-56 aligncenter\" src=\"https:\/\/ildei.com\/wp-content\/uploads\/2023\/05\/ildei-9.jpg\" alt=\"\" width=\"311\" height=\"196\" \/><\/a><\/p>\n<p style=\"text-align: center;\"><strong>MAINTENANCE<\/strong><\/p>\n<p style=\"text-align: center;\">Perpetuate the beauty of the mineral<\/p>\n<p><a href=\"https:\/\/ildei.com\/en\/expertises\/maintenance\/\"><img loading=\"lazy\" decoding=\"async\" class=\"alignnone size-full wp-image-57 aligncenter\" src=\"https:\/\/ildei.com\/wp-content\/uploads\/2023\/03\/arrow.png\" alt=\"\" width=\"64\" height=\"68\" \/><\/a>[\/vc_column_text][\/vc_column_inner][\/vc_row_inner][\/vc_column][\/vc_row]<\/p>\n<\/section>","protected":false},"excerpt":{"rendered":"<p>[vc_row full_width=&#8221;stretch_row&#8221; css=&#8221;.vc_custom_1679388980428{padding-bottom: 10px !important;background-color: #e3d4cd !important;}&#8221;][vc_column css=&#8221;.vc_custom_1679389001823{padding-bottom: 5px !important;background-image: url(https:\/\/ildei.com\/wp-content\/uploads\/2023\/03\/ildei-6.jpg?id=125) !important;background-position: center !important;background-repeat: no-repeat !important;background-size: contain !important;}&#8221;][vc_row_inner css=&#8221;.vc_custom_1679378967522{background-position: center !important;background-repeat: no-repeat !important;background-size: cover !important;}&#8221;][vc_column_inner width=&#8221;1\/6&#8243;][\/vc_column_inner][vc_column_inner width=&#8221;2\/3&#8243; css=&#8221;.vc_custom_1679378938349{background-position: center !important;background-repeat: no-repeat !important;background-size: contain !important;}&#8221;][vc_column_text css=&#8221;.vc_custom_1697995644648{margin-top: 60px !important;margin-bottom: 0px !important;}&#8221;] MANUFACTURING AND INSTALLATION [\/vc_column_text][\/vc_column_inner][vc_column_inner width=&#8221;1\/6&#8243;][\/vc_column_inner][\/vc_row_inner][\/vc_column][\/vc_row][vc_row full_width=&#8221;stretch_row&#8221; css=&#8221;.vc_custom_1679388133101{margin-top: 0px !important;background-color: #e3d4cd !important;}&#8221;][vc_column offset=&#8221;vc_col-lg-offset-2 vc_col-lg-8&#8243; css=&#8221;.vc_custom_1679388885257{margin-top: 0px !important;border-top-width: [&hellip;]<\/p>\n","protected":false},"author":2,"featured_media":0,"parent":1333,"menu_order":0,"comment_status":"closed","ping_status":"closed","template":"","meta":{"footnotes":""},"class_list":["post-1328","page","type-page","status-publish","hentry"],"_links":{"self":[{"href":"https:\/\/ildei.com\/en\/wp-json\/wp\/v2\/pages\/1328","targetHints":{"allow":["GET"]}}],"collection":[{"href":"https:\/\/ildei.com\/en\/wp-json\/wp\/v2\/pages"}],"about":[{"href":"https:\/\/ildei.com\/en\/wp-json\/wp\/v2\/types\/page"}],"author":[{"embeddable":true,"href":"https:\/\/ildei.com\/en\/wp-json\/wp\/v2\/users\/2"}],"replies":[{"embeddable":true,"href":"https:\/\/ildei.com\/en\/wp-json\/wp\/v2\/comments?post=1328"}],"version-history":[{"count":4,"href":"https:\/\/ildei.com\/en\/wp-json\/wp\/v2\/pages\/1328\/revisions"}],"predecessor-version":[{"id":1496,"href":"https:\/\/ildei.com\/en\/wp-json\/wp\/v2\/pages\/1328\/revisions\/1496"}],"up":[{"embeddable":true,"href":"https:\/\/ildei.com\/en\/wp-json\/wp\/v2\/pages\/1333"}],"wp:attachment":[{"href":"https:\/\/ildei.com\/en\/wp-json\/wp\/v2\/media?parent=1328"}],"curies":[{"name":"wp","href":"https:\/\/api.w.org\/{rel}","templated":true}]}}