{"id":1333,"date":"2023-03-11T15:47:31","date_gmt":"2023-03-11T14:47:31","guid":{"rendered":"https:\/\/ildei.com\/expertises\/"},"modified":"2023-10-22T19:12:52","modified_gmt":"2023-10-22T17:12:52","slug":"expertises","status":"publish","type":"page","link":"https:\/\/ildei.com\/en\/expertises\/","title":{"rendered":"Expertises"},"content":{"rendered":"<section class=\"wpb-content-wrapper\"><p>[vc_row full_width=&#8221;stretch_row&#8221; css=&#8221;.vc_custom_1682954786318{padding-bottom: 10px !important;background-color: #0a0808 !important;}&#8221;][vc_column css=&#8221;.vc_custom_1682954807617{padding-bottom: 5px !important;background-position: center !important;background-repeat: no-repeat !important;background-size: contain !important;}&#8221;][vc_row_inner css=&#8221;.vc_custom_1679378967522{background-position: center !important;background-repeat: no-repeat !important;background-size: cover !important;}&#8221;][vc_column_inner width=&#8221;1\/6&#8243;][\/vc_column_inner][vc_column_inner width=&#8221;2\/3&#8243; css=&#8221;.vc_custom_1679378938349{background-position: center !important;background-repeat: no-repeat !important;background-size: contain !important;}&#8221;][vc_column_text css=&#8221;.vc_custom_1697992634442{margin-top: 60px !important;margin-bottom: 0px !important;}&#8221;]<\/p>\n<h1 style=\"text-align: center;\"><span style=\"color: #ffffff;\">DISCOVER<br \/>\nOUR KNOW-HOW<\/span><\/h1>\n<p>[\/vc_column_text][\/vc_column_inner][vc_column_inner width=&#8221;1\/6&#8243;][\/vc_column_inner][\/vc_row_inner][\/vc_column][\/vc_row][vc_row full_width=&#8221;stretch_row&#8221; css=&#8221;.vc_custom_1679389800814{padding-bottom: 60px !important;background-color: #000000 !important;}&#8221;][vc_column offset=&#8221;vc_col-lg-offset-2 vc_col-lg-8&#8243;][vc_row_inner][vc_column_inner width=&#8221;1\/2&#8243;][vc_column_text css_animation=&#8221;fadeInUp&#8221; el_class=&#8221;textwhite expertisebloc&#8221; css=&#8221;.vc_custom_1697992884941{margin-top: 80px !important;padding-bottom: 30px !important;background-color: #000000 !important;}&#8221;]<\/p>\n<p><a href=\"https:\/\/ildei.com\/en\/expertises\/sourcing\/\"><img loading=\"lazy\" decoding=\"async\" class=\"alignnone size-full wp-image-56 aligncenter\" src=\"https:\/\/ildei.com\/wp-content\/uploads\/2023\/03\/exp1.png\" alt=\"\" width=\"311\" height=\"196\" srcset=\"https:\/\/ildei.com\/wp-content\/uploads\/2023\/03\/exp1.png 311w, https:\/\/ildei.com\/wp-content\/uploads\/2023\/03\/exp1-300x189.png 300w\" sizes=\"auto, (max-width: 311px) 100vw, 311px\" \/><\/a><\/p>\n<p style=\"text-align: center;\"><strong>SOURCING<\/strong><\/p>\n<p style=\"text-align: center;\">Seeking for the ideal rock<\/p>\n<p><a href=\"https:\/\/ildei.com\/en\/expertises\/sourcing\/\"><img loading=\"lazy\" decoding=\"async\" class=\"alignnone size-full wp-image-57 aligncenter\" src=\"https:\/\/ildei.com\/wp-content\/uploads\/2023\/03\/arrow.png\" alt=\"\" width=\"64\" height=\"68\" \/><\/a><\/p>\n<p>[\/vc_column_text][\/vc_column_inner][vc_column_inner width=&#8221;1\/2&#8243;][vc_column_text css_animation=&#8221;fadeInUp&#8221; el_class=&#8221;textwhite expertisebloc&#8221; css=&#8221;.vc_custom_1697992864220{margin-top: 80px !important;padding-bottom: 30px !important;background-color: #000000 !important;}&#8221;]<a href=\"https:\/\/ildei.com\/en\/expertises\/technical-studies\/\"><img loading=\"lazy\" decoding=\"async\" class=\"alignnone size-full wp-image-56 aligncenter\" src=\"https:\/\/ildei.com\/wp-content\/uploads\/2023\/03\/ildei-.jpg\" alt=\"\" width=\"311\" height=\"196\" \/><\/a><\/p>\n<p style=\"text-align: center;\"><strong>TECHNICAL STUDIES<\/strong><\/p>\n<p style=\"text-align: center;\">Support and design<\/p>\n<p><a href=\"https:\/\/ildei.com\/en\/expertises\/technical-studies\/\"><img loading=\"lazy\" decoding=\"async\" class=\"alignnone size-full wp-image-57 aligncenter\" src=\"https:\/\/ildei.com\/wp-content\/uploads\/2023\/03\/arrow.png\" alt=\"\" width=\"64\" height=\"68\" \/><\/a>[\/vc_column_text][\/vc_column_inner][\/vc_row_inner][vc_row_inner][vc_column_inner width=&#8221;1\/2&#8243;][vc_column_text css_animation=&#8221;fadeInUp&#8221; el_class=&#8221;textwhite expertisebloc&#8221; css=&#8221;.vc_custom_1697994526215{margin-top: 80px !important;padding-bottom: 30px !important;background-color: #000000 !important;}&#8221;]<a href=\"https:\/\/ildei.com\/en\/expertises\/manufacturing-installation\"><img loading=\"lazy\" decoding=\"async\" class=\"alignnone size-full wp-image-56 aligncenter\" src=\"https:\/\/ildei.com\/wp-content\/uploads\/2023\/03\/ildei-9.jpg\" alt=\"\" width=\"311\" height=\"196\" \/><\/a><\/p>\n<p style=\"text-align: center;\"><strong>MANUFACTURING AND INSTALLATION<\/strong><\/p>\n<p style=\"text-align: center;\">A profession serving high standards<\/p>\n<p><a href=\"https:\/\/ildei.com\/en\/expertises\/manufacturing-installation\"><img loading=\"lazy\" decoding=\"async\" class=\"alignnone size-full wp-image-57 aligncenter\" src=\"https:\/\/ildei.com\/wp-content\/uploads\/2023\/03\/arrow.png\" alt=\"\" width=\"64\" height=\"68\" \/><\/a>[\/vc_column_text][\/vc_column_inner][vc_column_inner width=&#8221;1\/2&#8243;][vc_column_text css_animation=&#8221;fadeInUp&#8221; el_class=&#8221;textwhite expertisebloc&#8221; css=&#8221;.vc_custom_1697994767584{margin-top: 80px !important;padding-bottom: 30px !important;background-color: #000000 !important;}&#8221;]<a href=\"https:\/\/ildei.com\/en\/expertises\/maintenance\/\"><img loading=\"lazy\" decoding=\"async\" class=\"alignnone size-full wp-image-56 aligncenter\" src=\"https:\/\/ildei.com\/wp-content\/uploads\/2023\/05\/ildei-9.jpg\" alt=\"\" width=\"311\" height=\"196\" \/><\/a><\/p>\n<p style=\"text-align: center;\"><strong>MAINTENANCE<\/strong><\/p>\n<p style=\"text-align: center;\">Perpetuate the beauty of the mineral<\/p>\n<p><a href=\"https:\/\/ildei.com\/en\/expertises\/maintenance\/\"><img loading=\"lazy\" decoding=\"async\" class=\"alignnone size-full wp-image-57 aligncenter\" src=\"https:\/\/ildei.com\/wp-content\/uploads\/2023\/03\/arrow.png\" alt=\"\" width=\"64\" height=\"68\" \/><\/a>[\/vc_column_text][\/vc_column_inner][\/vc_row_inner][\/vc_column][\/vc_row][vc_row full_width=&#8221;stretch_row&#8221; disable_element=&#8221;yes&#8221; css=&#8221;.vc_custom_1695149255685{padding-bottom: 60px !important;background-color: #000000 !important;}&#8221;][vc_column offset=&#8221;vc_col-lg-offset-2 vc_col-lg-8&#8243;][vc_column_text el_class=&#8221;h2spe&#8221;]<\/p>\n<h3 style=\"text-align: center;\"><span style=\"color: #ffffff;\">D\u00e9couvrez<\/span><br \/>\n<span style=\"color: #ffffff;\"><strong>nos savoir-faire<\/strong><\/span><\/h3>\n<p>[\/vc_column_text][vc_row_inner][vc_column_inner width=&#8221;1\/2&#8243;][vc_column_text css_animation=&#8221;fadeInUp&#8221; el_class=&#8221;textwhite expertisebloc&#8221; css=&#8221;.vc_custom_1682943532791{margin-top: 80px !important;padding-bottom: 30px !important;background-color: #000000 !important;}&#8221;]<\/p>\n<p><a href=\"https:\/\/ildei.com\/en\/pose\/\"><img loading=\"lazy\" decoding=\"async\" class=\"alignnone size-full wp-image-56 aligncenter\" src=\"https:\/\/ildei.com\/wp-content\/uploads\/2023\/03\/ildei-9.jpg\" alt=\"\" width=\"311\" height=\"196\" \/><\/a><\/p>\n<p style=\"text-align: center;\"><strong>SAVOIR FAIRE PRINCIPAL LA POSE<\/strong><\/p>\n<p style=\"text-align: center;\">Un m\u00e9tier au service de l&#8217;exigence<\/p>\n<p><a href=\"https:\/\/ildei.com\/en\/pose\/\"><img loading=\"lazy\" decoding=\"async\" class=\"alignnone size-full wp-image-57 aligncenter\" src=\"https:\/\/ildei.com\/wp-content\/uploads\/2023\/03\/arrow.png\" alt=\"\" width=\"64\" height=\"68\" \/><\/a><\/p>\n<p>[\/vc_column_text][\/vc_column_inner][vc_column_inner width=&#8221;1\/2&#8243;][vc_column_text css_animation=&#8221;fadeInUp&#8221; el_class=&#8221;textwhite expertisebloc&#8221; css=&#8221;.vc_custom_1682943627090{margin-top: 80px !important;padding-bottom: 30px !important;background-color: #000000 !important;}&#8221;]<a href=\"https:\/\/ildei.com\/en\/etude-technique\/\"><img loading=\"lazy\" decoding=\"async\" class=\"alignnone size-full wp-image-56 aligncenter\" src=\"https:\/\/ildei.com\/wp-content\/uploads\/2023\/03\/ildei-.jpg\" alt=\"\" width=\"311\" height=\"196\" \/><\/a><\/p>\n<p style=\"text-align: center;\"><strong>ETUDE<br \/>\nTECHNIQUE<\/strong><\/p>\n<p style=\"text-align: center;\">Imaginer et concevoir<\/p>\n<p><a href=\"https:\/\/ildei.com\/en\/etude-technique\/\"><img loading=\"lazy\" decoding=\"async\" class=\"alignnone size-full wp-image-57 aligncenter\" src=\"https:\/\/ildei.com\/wp-content\/uploads\/2023\/03\/arrow.png\" alt=\"\" width=\"64\" height=\"68\" \/><\/a>[\/vc_column_text][\/vc_column_inner][\/vc_row_inner][vc_row_inner][vc_column_inner width=&#8221;1\/2&#8243;][vc_column_text css_animation=&#8221;fadeInUp&#8221; el_class=&#8221;textwhite expertisebloc&#8221; css=&#8221;.vc_custom_1682943634874{margin-top: 80px !important;padding-bottom: 30px !important;background-color: #000000 !important;}&#8221;]<a href=\"https:\/\/ildei.com\/en\/sourcing\/\"><img loading=\"lazy\" decoding=\"async\" class=\"alignnone size-full wp-image-56 aligncenter\" src=\"https:\/\/ildei.com\/wp-content\/uploads\/2023\/03\/exp1.png\" alt=\"\" width=\"311\" height=\"196\" srcset=\"https:\/\/ildei.com\/wp-content\/uploads\/2023\/03\/exp1.png 311w, https:\/\/ildei.com\/wp-content\/uploads\/2023\/03\/exp1-300x189.png 300w\" sizes=\"auto, (max-width: 311px) 100vw, 311px\" \/><\/a><\/p>\n<p style=\"text-align: center;\"><strong>RECHERCHE DES MATI\u00c8RES<\/strong><\/p>\n<p style=\"text-align: center;\">En qu\u00eate de la roche id\u00e9ale<\/p>\n<p><a href=\"https:\/\/ildei.com\/en\/sourcing\/\"><img loading=\"lazy\" decoding=\"async\" class=\"alignnone size-full wp-image-57 aligncenter\" src=\"https:\/\/ildei.com\/wp-content\/uploads\/2023\/03\/arrow.png\" alt=\"\" width=\"64\" height=\"68\" \/><\/a>[\/vc_column_text][\/vc_column_inner][vc_column_inner width=&#8221;1\/2&#8243;][vc_column_text css_animation=&#8221;fadeInUp&#8221; el_class=&#8221;textwhite expertisebloc&#8221; css=&#8221;.vc_custom_1682954906943{margin-top: 80px !important;padding-bottom: 30px !important;background-color: #000000 !important;}&#8221;]<a href=\"https:\/\/ildei.com\/en\/maintenance-entretien\/\"><img loading=\"lazy\" decoding=\"async\" class=\"alignnone size-full wp-image-56 aligncenter\" src=\"https:\/\/ildei.com\/wp-content\/uploads\/2023\/05\/ildei-9.jpg\" alt=\"\" width=\"311\" height=\"196\" \/><\/a><\/p>\n<p style=\"text-align: center;\"><strong>MAINTENANCE ET ENTRETIEN<\/strong><\/p>\n<p style=\"text-align: center;\">Perp\u00e9tuer la beaut\u00e9 du min\u00e9ral<\/p>\n<p><a href=\"https:\/\/ildei.com\/en\/maintenance-entretien\/\"><img loading=\"lazy\" decoding=\"async\" class=\"alignnone size-full wp-image-57 aligncenter\" src=\"https:\/\/ildei.com\/wp-content\/uploads\/2023\/03\/arrow.png\" alt=\"\" width=\"64\" height=\"68\" \/><\/a>[\/vc_column_text][\/vc_column_inner][\/vc_row_inner][\/vc_column][\/vc_row]<\/p>\n<\/section>","protected":false},"excerpt":{"rendered":"<p>[vc_row full_width=&#8221;stretch_row&#8221; css=&#8221;.vc_custom_1682954786318{padding-bottom: 10px !important;background-color: #0a0808 !important;}&#8221;][vc_column css=&#8221;.vc_custom_1682954807617{padding-bottom: 5px !important;background-position: center !important;background-repeat: no-repeat !important;background-size: contain !important;}&#8221;][vc_row_inner css=&#8221;.vc_custom_1679378967522{background-position: center !important;background-repeat: no-repeat !important;background-size: cover !important;}&#8221;][vc_column_inner width=&#8221;1\/6&#8243;][\/vc_column_inner][vc_column_inner width=&#8221;2\/3&#8243; css=&#8221;.vc_custom_1679378938349{background-position: center !important;background-repeat: no-repeat !important;background-size: contain !important;}&#8221;][vc_column_text css=&#8221;.vc_custom_1697992634442{margin-top: 60px !important;margin-bottom: 0px !important;}&#8221;] DISCOVER OUR KNOW-HOW [\/vc_column_text][\/vc_column_inner][vc_column_inner width=&#8221;1\/6&#8243;][\/vc_column_inner][\/vc_row_inner][\/vc_column][\/vc_row][vc_row full_width=&#8221;stretch_row&#8221; css=&#8221;.vc_custom_1679389800814{padding-bottom: 60px !important;background-color: #000000 !important;}&#8221;][vc_column offset=&#8221;vc_col-lg-offset-2 vc_col-lg-8&#8243;][vc_row_inner][vc_column_inner width=&#8221;1\/2&#8243;][vc_column_text css_animation=&#8221;fadeInUp&#8221; el_class=&#8221;textwhite expertisebloc&#8221; css=&#8221;.vc_custom_1697992884941{margin-top: [&hellip;]<\/p>\n","protected":false},"author":1,"featured_media":0,"parent":0,"menu_order":0,"comment_status":"closed","ping_status":"closed","template":"","meta":{"footnotes":""},"class_list":["post-1333","page","type-page","status-publish","hentry"],"_links":{"self":[{"href":"https:\/\/ildei.com\/en\/wp-json\/wp\/v2\/pages\/1333","targetHints":{"allow":["GET"]}}],"collection":[{"href":"https:\/\/ildei.com\/en\/wp-json\/wp\/v2\/pages"}],"about":[{"href":"https:\/\/ildei.com\/en\/wp-json\/wp\/v2\/types\/page"}],"author":[{"embeddable":true,"href":"https:\/\/ildei.com\/en\/wp-json\/wp\/v2\/users\/1"}],"replies":[{"embeddable":true,"href":"https:\/\/ildei.com\/en\/wp-json\/wp\/v2\/comments?post=1333"}],"version-history":[{"count":8,"href":"https:\/\/ildei.com\/en\/wp-json\/wp\/v2\/pages\/1333\/revisions"}],"predecessor-version":[{"id":1341,"href":"https:\/\/ildei.com\/en\/wp-json\/wp\/v2\/pages\/1333\/revisions\/1341"}],"wp:attachment":[{"href":"https:\/\/ildei.com\/en\/wp-json\/wp\/v2\/media?parent=1333"}],"curies":[{"name":"wp","href":"https:\/\/api.w.org\/{rel}","templated":true}]}}